{"id":559,"date":"2024-07-10T17:04:14","date_gmt":"2024-07-10T17:04:14","guid":{"rendered":"https:\/\/forbos.com.br\/site\/?page_id=559"},"modified":"2024-07-10T19:13:25","modified_gmt":"2024-07-10T19:13:25","slug":"produtos-em-construcao","status":"publish","type":"page","link":"https:\/\/forbos.com.br\/site\/produtos-em-construcao\/","title":{"rendered":"Produtos &#8211; em constru\u00e7\u00e3o"},"content":{"rendered":"\t\t<div data-elementor-type=\"wp-page\" data-elementor-id=\"559\" class=\"elementor elementor-559\" data-elementor-post-type=\"page\">\n\t\t\t\t\t\t<section class=\"elementor-section elementor-top-section elementor-element elementor-element-91fd837 elementor-section-boxed elementor-section-height-default elementor-section-height-default\" data-id=\"91fd837\" data-element_type=\"section\">\n\t\t\t\t\t\t<div class=\"elementor-container elementor-column-gap-default\">\n\t\t\t\t\t<div class=\"elementor-column elementor-col-100 elementor-top-column elementor-element elementor-element-f24e172\" data-id=\"f24e172\" data-element_type=\"column\">\n\t\t\t<div class=\"elementor-widget-wrap elementor-element-populated\">\n\t\t\t\t\t\t<div class=\"elementor-element elementor-element-24cb0d6 elementor-view-default elementor-widget elementor-widget-icon\" data-id=\"24cb0d6\" data-element_type=\"widget\" data-widget_type=\"icon.default\">\n\t\t\t\t<div class=\"elementor-widget-container\">\n\t\t\t\t\t<div class=\"elementor-icon-wrapper\">\n\t\t\t<div class=\"elementor-icon\">\n\t\t\t<svg xmlns=\"http:\/\/www.w3.org\/2000\/svg\" width=\"147.505\" height=\"116.886\" viewBox=\"0 0 147.505 116.886\"><g id=\"Grupo_129\" data-name=\"Grupo 129\" transform=\"translate(-419 -241.781)\"><path id=\"Caminho_80\" data-name=\"Caminho 80\" d=\"M0,11.237A3.762,3.762,0,0,1,3.449,9.7q45.724.049,91.45.026c2.728,0,3.406.676,3.408,3.39,0,4.505,0,9.01,0,13.675.653.037,1.2.094,1.755.094,7.249.006,14.5.038,21.747-.02a3.984,3.984,0,0,1,3.777,2.052c6.959,10.923,14,21.793,20.955,32.719a6.1,6.1,0,0,1,.915,3.065c.073,8.4.042,16.8.04,25.2,0,2.631-.781,3.4-3.459,3.4-3.788,0-7.576,0-11.413,0-.267.886-.476,1.715-.765,2.515a14.736,14.736,0,0,1-28.1-1.259c-.224-.854-.458-1.281-1.469-1.279q-26.283.051-52.565.027c-.189,0-.379.024-.627.041-2.193,7.69-7.008,12.382-15.28,12.1-7.65-.262-12.071-4.869-14.067-12.144-5.4,0-10.824-.038-16.243.025A3.571,3.571,0,0,1,0,91.612ZM49.06,88.279H93.269V83.416H51.7V78.525h41.6V24.432H9.889V19.55H93.28V14.762H5.023V78.627H17.129v4.879H5.035v4.806H19.768c2.842-8.226,7.664-12.24,14.64-12.242S46.132,80.013,49.06,88.279m54.279.021c2.973-8.2,7.464-12.2,14.228-12.178,8.177.028,12.981,4.542,15.1,12.182h9.819V83.387h-7.194V78.5h7.3c0-4.355,0-8.529,0-12.7,0-1.96-.07-2.028-2.029-2.028q-16.993,0-33.988,0c-2.575,0-3.337-.769-3.34-3.359q-.011-10.154,0-20.306c0-2.569.779-3.34,3.364-3.344q8.136-.012,16.274,0h1.837c-.936-1.473-1.748-2.64-2.438-3.874a1.932,1.932,0,0,0-1.96-1.082c-6.817.04-13.633.02-20.45.025-.424,0-.847.045-1.358.075V88.3ZM138.9,58.775c-3.627-5.642-7.083-11.048-10.6-16.415a1.924,1.924,0,0,0-1.407-.653c-5.8-.044-11.6-.031-17.408-.024-.408,0-.815.074-1.237.115V58.775Zm-20.931,41.854a9.824,9.824,0,1,0-9.79-9.806,9.853,9.853,0,0,0,9.79,9.806m-83.593,0a9.824,9.824,0,1,0-9.8-9.812,9.829,9.829,0,0,0,9.8,9.812\" transform=\"translate(418.999 253.127)\" fill=\"#020530\"><\/path><rect id=\"Ret&#xE2;ngulo_33\" data-name=\"Ret&#xE2;ngulo 33\" width=\"4.802\" height=\"4.897\" transform=\"translate(473 241.781)\" fill=\"#020530\"><\/rect><path id=\"Caminho_81\" data-name=\"Caminho 81\" d=\"M44.267.01c0,1.395.053,2.686-.04,3.966-.022.294-.509.633-.855.8a2.507,2.507,0,0,1-1,.03H9.919V.01Z\" transform=\"translate(475.401 244.22)\" fill=\"#020530\"><\/path><\/g><\/svg>\t\t\t<\/div>\n\t\t<\/div>\n\t\t\t\t<\/div>\n\t\t\t\t<\/div>\n\t\t\t\t<section class=\"elementor-section elementor-inner-section elementor-element elementor-element-273cd0c elementor-section-boxed elementor-section-height-default elementor-section-height-default\" data-id=\"273cd0c\" data-element_type=\"section\">\n\t\t\t\t\t\t<div class=\"elementor-container elementor-column-gap-default\">\n\t\t\t\t\t<div class=\"elementor-column elementor-col-50 elementor-inner-column elementor-element elementor-element-a9e644e\" data-id=\"a9e644e\" data-element_type=\"column\">\n\t\t\t<div class=\"elementor-widget-wrap elementor-element-populated\">\n\t\t\t\t\t\t<div class=\"elementor-element elementor-element-f002e8d elementor-widget elementor-widget-text-editor\" data-id=\"f002e8d\" data-element_type=\"widget\" data-widget_type=\"text-editor.default\">\n\t\t\t\t<div class=\"elementor-widget-container\">\n\t\t\t<style>\/*! elementor - v3.22.0 - 26-06-2024 *\/\n.elementor-widget-text-editor.elementor-drop-cap-view-stacked .elementor-drop-cap{background-color:#69727d;color:#fff}.elementor-widget-text-editor.elementor-drop-cap-view-framed .elementor-drop-cap{color:#69727d;border:3px solid;background-color:transparent}.elementor-widget-text-editor:not(.elementor-drop-cap-view-default) .elementor-drop-cap{margin-top:8px}.elementor-widget-text-editor:not(.elementor-drop-cap-view-default) .elementor-drop-cap-letter{width:1em;height:1em}.elementor-widget-text-editor .elementor-drop-cap{float:left;text-align:center;line-height:1;font-size:50px}.elementor-widget-text-editor .elementor-drop-cap-letter{display:inline-block}<\/style>\t\t\t\t<p>P\u00e1gina em constru\u00e7\u00e3o.<\/p>\t\t\t\t\t\t<\/div>\n\t\t\t\t<\/div>\n\t\t\t\t\t<\/div>\n\t\t<\/div>\n\t\t\t\t<div class=\"elementor-column elementor-col-50 elementor-inner-column elementor-element elementor-element-b2d930d\" data-id=\"b2d930d\" data-element_type=\"column\">\n\t\t\t<div class=\"elementor-widget-wrap\">\n\t\t\t\t\t\t\t<\/div>\n\t\t<\/div>\n\t\t\t\t\t<\/div>\n\t\t<\/section>\n\t\t\t\t\t<\/div>\n\t\t<\/div>\n\t\t\t\t\t<\/div>\n\t\t<\/section>\n\t\t\t\t<section class=\"elementor-section elementor-top-section elementor-element elementor-element-967f589 elementor-section-boxed elementor-section-height-default elementor-section-height-default\" data-id=\"967f589\" data-element_type=\"section\">\n\t\t\t\t\t\t<div class=\"elementor-container elementor-column-gap-default\">\n\t\t\t\t\t<div class=\"elementor-column elementor-col-100 elementor-top-column elementor-element elementor-element-f8d1872\" data-id=\"f8d1872\" data-element_type=\"column\">\n\t\t\t<div class=\"elementor-widget-wrap elementor-element-populated\">\n\t\t\t\t\t\t\t<\/div>\n\t\t<\/div>\n\t\t\t\t\t<\/div>\n\t\t<\/section>\n\t\t\t\t<\/div>\n\t\t","protected":false},"excerpt":{"rendered":"<p>P\u00e1gina em constru\u00e7\u00e3o.<\/p>\n","protected":false},"author":2,"featured_media":0,"parent":0,"menu_order":0,"comment_status":"closed","ping_status":"closed","template":"","meta":{"footnotes":""},"class_list":["post-559","page","type-page","status-publish","hentry"],"_links":{"self":[{"href":"https:\/\/forbos.com.br\/site\/wp-json\/wp\/v2\/pages\/559","targetHints":{"allow":["GET"]}}],"collection":[{"href":"https:\/\/forbos.com.br\/site\/wp-json\/wp\/v2\/pages"}],"about":[{"href":"https:\/\/forbos.com.br\/site\/wp-json\/wp\/v2\/types\/page"}],"author":[{"embeddable":true,"href":"https:\/\/forbos.com.br\/site\/wp-json\/wp\/v2\/users\/2"}],"replies":[{"embeddable":true,"href":"https:\/\/forbos.com.br\/site\/wp-json\/wp\/v2\/comments?post=559"}],"version-history":[{"count":10,"href":"https:\/\/forbos.com.br\/site\/wp-json\/wp\/v2\/pages\/559\/revisions"}],"predecessor-version":[{"id":571,"href":"https:\/\/forbos.com.br\/site\/wp-json\/wp\/v2\/pages\/559\/revisions\/571"}],"wp:attachment":[{"href":"https:\/\/forbos.com.br\/site\/wp-json\/wp\/v2\/media?parent=559"}],"curies":[{"name":"wp","href":"https:\/\/api.w.org\/{rel}","templated":true}]}}